{"id":20060,"date":"2019-03-22T12:51:01","date_gmt":"2019-03-22T10:51:01","guid":{"rendered":"https:\/\/archiv.abakus-internet-marketing.de\/wissen\/seo-blog\/?page_id=20060"},"modified":"2021-06-10T10:28:01","modified_gmt":"2021-06-10T08:28:01","slug":"startseite","status":"publish","type":"page","link":"https:\/\/archiv.abakus-internet-marketing.de\/wissen\/seo-blog\/","title":{"rendered":"Startseite"},"content":{"rendered":"<h2 id=\"phead\">SEO seit 2002<\/h2>\n<p class=\"p_top\">Die ABAKUS Internet Marketing GmbH ist zu 100% eine SEO Agentur. SEO steht f\u00fcr Search Engine Optimization und ist im Online-Marketing die nachhaltigste Disziplin. Bereits seit 2002 sind wir Experten f\u00fcr Suchmaschinenoptimierung und dies mit \u00fcber 1.600 erfolgreich optimierten Domains. Von Hannover aus leisten wir <a href=\"https:\/\/www.abakus-internet-marketing.de\/wissen\/seo-blog\/leistungen\/seo-consulting\">SEO Beratung<\/a>, <a href=\"https:\/\/www.abakus-internet-marketing.de\/wissen\/seo-blog\/leistungen\/offpage-seo\/linkaufbau\">Linkaufbau<\/a> und <a href=\"https:\/\/www.abakus-internet-marketing.de\/wissen\/seo-blog\/leistungen\/content-seo\/content-erstellung\">SEO Content Marketing Strategien<\/a> &#8211; national wie auch <a href=\"https:\/\/www.abakus-internet-marketing.de\/wissen\/seo-blog\/leistungen\/seo-consulting\/internationales-seo\">international<\/a>.<\/p>\n<p class=\"zwei_m\">Unsere SEO Content Marketing Strategien stehen f\u00fcr relevanten Traffic und mehr Umsatz. <em>Informational Traffic<\/em> st\u00e4rkt Ihre Marke. Die Conversion Rate Optimierung ist Bestandteil unserer Onpage Beratung &#8211; vor dem ersten Klick top optimiert.<\/p>\n<h3 class=\"h3_top_leistungen\">Unsere SEO-Angebote im \u00dcberblick:<\/h3>\n<div class=\"row row_referenzen equalheight padding-top\">\n<div class=\"col-md-4 equal button_3 first_ref start_kacheln\">\n<h2 class=\"h2_start_kacheln\"><a href=\"\/leistungen\/seo-consulting\" rel=\"nofollow\">SEO Consulting<\/a><\/h2>\n<ul>\n<li><a href=\"\/leistungen\/seo-consulting\/seo-workshop\" rel=\"nofollow\">SEO Workshop<\/a><\/li>\n<li><a href=\"\/leistungen\/seo-consulting\/seo-relaunch nofollow\">SEO Relaunch Begleitung<\/a><\/li>\n<li><a href=\"\/leistungen\/seo-consulting\/internationales-seo\" rel=\"nofollow\">Internationales SEO<\/a><\/li>\n<\/ul>\n<p><img decoding=\"async\" src=\"https:\/\/archiv.abakus-internet-marketing.de\/wissen\/seo-blog\/wp-content\/uploads\/2018\/06\/seo-consulting-icon.png\" alt=\"SEO Consulting\" \/><\/p>\n<\/div>\n<div class=\"col-md-4 equal button_3 first_ref start_kacheln\">\n<h2 class=\"h2_start_kacheln\"><a href=\"\/leistungen\/offpage-seo\" rel=\"nofollow\">OffPage SEO<\/a><\/h2>\n<ul>\n<li><a href=\"\/leistungen\/offpage-seo\/linkaufbau\" rel=\"nofollow\">Linkaufbau<\/a><\/li>\n<li><a href=\"\/leistungen\/offpage-seo\/backlinkanalyse\" rel=\"nofollow\">Backlinkanalyse<\/a><\/li>\n<li><a href=\"https:\/\/www.abakus-internet-marketing.de\/wissen\/seo-blog\/leistungen\/offpage-seo\/internationales-linkbuilding\">Internationales Linkbuilding<\/a><\/li>\n<\/ul>\n<p><img decoding=\"async\" src=\"https:\/\/archiv.abakus-internet-marketing.de\/wissen\/seo-blog\/wp-content\/uploads\/2018\/06\/linkaufbau-icon.png\" alt=\"Offpage SEO\" \/><\/p>\n<\/div>\n<div class=\"col-md-4 equal button_3 first_ref start_kacheln\">\n<h2 class=\"h2_start_kacheln\"><a href=\"\/leistungen\/content-seo\" rel=\"nofollow\">Content SEO<\/a><\/h2>\n<ul>\n<li><a href=\"\/leistungen\/content-seo\/content-erstellung\" rel=\"nofollow\">Content Erstellung<\/a><\/li>\n<li><a href=\"\/leistungen\/content-seo\/content-seeding\" rel=\"nofollow\">Content Seeding<\/a><\/li>\n<\/ul>\n<p><img loading=\"lazy\" decoding=\"async\" class=\"\" src=\"https:\/\/archiv.abakus-internet-marketing.de\/wissen\/seo-blog\/wp-content\/uploads\/2018\/06\/seo-content-icon.png\" alt=\"Content SEO\" width=\"39\" height=\"38\" \/><\/p>\n<\/div>\n<\/div>\n<p class=\"testing\">Umfangreiches Testing, eine riesige SEM Community, \u00fcber 20 eigene SEO Tools und Browser Add-ons verschaffen uns eine einzigartige und auch tagesaktuelle Wissensbasis f\u00fcr die Google Optimierung Ihrer Website. Wir arbeiten mit Leidenschaft mit Ihnen an Ihrer SEO-Strategie und unterst\u00fctzen Sie zielgerichtet und transparent, damit die Website Ihres Unternehmens mit Ihren Keywords auf Seite 1 steht. Nutzen Sie unseren SEO Service f\u00fcr mehr Reichweite!<\/p>\n<h3 id=\"phead2\">Mehr Reichweite mit der richtigen SEO-Strategie<\/h3>\n<p>ABAKUS Internet Marketing hilft Ihrem Unternehmen mit der passenden und richtlinienkonformen SEO-Strategie, Ihre Webseite durch technisches SEO, Content Optimierung, Usability und Linkbuilding (White Hat) bei Google besser zu platzieren. Mit unserer SEO-Strategie generieren Sie mehr Leads und gewinnen neue Kunden. Wir haben internationale Erfahrungen in der Optimierung f\u00fcr Google, Bing\/Yahoo, Yandex und vielen lokalen Suchmaschinen. Ihr pers\u00f6nlicher SEO Berater in Hannover betreut Sie individuell, zielgerichtet und mit messbaren Ergebnissen.<\/p>\n\r\n<a href=\"#kf_unten\" class=\"smooth-scroll wpcf7-submit kontakt_leistungen conversion_button_green\" rel=\"nofollow\">Kostenlose Erstberatung<\/a>\r\n\n<h3>OffPage Optimierung ist mehr als Linkaufbau<\/h3>\n<p>Unser Linkaufbau besteht aus grundlegenden Analysen, gezielten und nachhaltigen Ma\u00dfnahmen sowie transparentem Monitoring und Reporting. Ihr pers\u00f6nlicher Ansprechpartner stimmt alle Aufgaben mit Ihnen ab &#8211; so sind Sie immer gut informiert. Unser erfahrenes Offpage-Team setzt durch gute Organisation, Know-how und Kommunikationsst\u00e4rke im Bereich Linkaufbau Ihre Website gekonnt in Szene. Dadurch erhalten Sie:<\/p>\n<ul>\n<li>Mehr Rankings<\/li>\n<li>Bessere Positionen<\/li>\n<li>Relevanten Traffic<\/li>\n<li>Gesteigerte Reputation<\/li>\n<\/ul>\n<p>Wir bauen f\u00fcr Sie Backlinks in Deutschland, Europa und Amerika auf. Gerne setzen wir als SEO Agentur Ihre individuelle Linkstrategie um. Sprechen Sie uns einfach unverbindlich an! Wir freuen uns auf Sie!<\/p>\n<div class=\"content_marketing\">\n<h3>SEO Content Marketing Strategie mit ABAKUS<\/h3>\n<p>ABAKUS versteht Content Marketing als Teildisziplin der Suchmaschinenoptimierung. Wir verhelfen Ihrer Marke zu mehr Reichweite und st\u00e4rken die digitale Markenidentit\u00e4t. Der Vorteil aus SEO Sicht: Google liebt Marken.<\/p>\n<p>Die Keyword-Recherche ist die Basis f\u00fcr eine auf Ihre Ziele abgestimmte Content Strategie. Danach folgen das Keyword-Mapping und die Auswahl der Content-Arten f\u00fcr verschiedene Personas. Die Erstellung von Inhalten folgt dem von uns gemeinsam erarbeiteten Redaktionsplan. Technisch l\u00e4sst sich eine inhaltlich getriebene Website-Strategie gut mit Standard-Software umsetzen. Lesen Sie dazu gerne unsere Leitf\u00e4den:<\/p>\n<ul>\n<li><a href=\"https:\/\/www.abakus-internet-marketing.de\/wissen\/seo-blog\/wissen\/seo-leitfaden\/seo-fuer-cms\/typo3\"> Typo3 SEO<\/a><\/li>\n<li><a href=\"https:\/\/www.abakus-internet-marketing.de\/wissen\/seo-blog\/wissen\/seo-leitfaden\/seo-fuer-cms\/drupal\">Drupal SEO<\/a><\/li>\n<li><a href=\"https:\/\/www.abakus-internet-marketing.de\/wissen\/seo-blog\/wissen\/seo-leitfaden\/seo-fuer-cms\/wordpress-seo\">WordPress SEO<\/a><\/li>\n<li><a href=\"https:\/\/www.abakus-internet-marketing.de\/wissen\/seo-blog\/wissen\/seo-leitfaden\/seo-fuer-cms\/joomla\">Joomla SEO<\/a><\/li>\n<\/ul>\n<p>Das Seeding bzw. die Verbreiten Ihrer Botschaften \u00fcbernehmen wir gerne und setzen dabei unsere ganze Kreativit\u00e4t und unser Know-how ein. SEA und Social Media werden von uns nat\u00fcrlich ber\u00fccksichtigt. Eine auf SEO basierende Content Marketing Strategie kl\u00e4rt die Nachfrage f\u00fcr Themen im Vorfeld durch die Keyword-Analyse ab. Texte, die auf zielgruppenspezifische Suchbegriffe optimiert sind, erhalten mehr Sichtbarkeit bei Ihren Nutzern und generieren organischen Traffic durch Top Positionen in den Suchmaschinen. Zus\u00e4tzlich schaffen wir Traffic-Quellen f\u00fcr Ihre Webseite, bei denen der Nutzer in der Customer Journey bereits fortgeschritten ist.<\/p>\n<p>Auf Wunsch erstellen wir f\u00fcr Sie qualitativ hochwertige Texte mit Relevanz und aussagekr\u00e4ftige Grafiken, zus\u00e4tzlich k\u00f6nnen wir auch die Suche nach passendem Bildmaterial \u00fcbernehmen &#8211; selbstverst\u00e4ndlich den Google Qualit\u00e4tsrichtlinien entsprechend. Das k\u00f6nnen Sie von einer guten SEO-Agentur erwarten.<\/p>\n<p>Die Know-how Weitergabe an unsere Kunden ist ein weiteres Prinzip von ABAKUS. Erkundigen Sie sich nach individuellen Workshops und Seminaren. Wir bieten auch spezielle Workshops zu Content, Google Analytics, Google Search Console, Linkaufbau oder SEO Internationalisierung an.<\/p>\n<p>ABAKUS geh\u00f6rt auch in diesem Jahr wieder zu den besten SEO Agenturen Deutschlands.<\/p>\n<p>Wenn Sie mehr \u00fcber Preise und Leistungen erfahren m\u00f6chten kontaktieren Sie uns. Wir freuen uns auf Sie!<\/p>\n<p><strong>Jetzt kostenlos anfragen!<\/strong><br \/>\nDamit wir uns mit Ihnen in Verbindung setzen und Ihnen ein passendes SEO Angebot unterbreiten k\u00f6nnen, \u00fcbermitteln Sie uns bitte Ihre Kontaktdaten. Wir melden uns umgehend.<\/p>\n\r\n<a href=\"#kf_unten\" class=\"smooth-scroll wpcf7-submit kontakt_leistungen conversion_button_green\" rel=\"nofollow\">Kontakt<\/a>\r\n\n<\/div>\n","protected":false},"excerpt":{"rendered":"<p>SEO seit 2002 Die ABAKUS Internet Marketing GmbH ist zu 100% eine SEO Agentur. SEO steht f\u00fcr Search Engine Optimization und ist im Online-Marketing die nachhaltigste Disziplin. Bereits seit 2002 sind wir Experten f\u00fcr Suchmaschinenoptimierung und dies mit \u00fcber 1.600 erfolgreich optimierten Domains. Von Hannover aus leisten wir SEO Beratung, Linkaufbau und SEO Content Marketing<\/p>\n<p><span class=\"weiterlesen\">><\/span>&nbsp;<a href=\"https:\/\/archiv.abakus-internet-marketing.de\/wissen\/seo-blog\/\" class=\"blue weiterlesen_klein\">WEITERLESEN &#8230;<\/a><\/p>\n","protected":false},"author":41,"featured_media":0,"parent":0,"menu_order":0,"comment_status":"closed","ping_status":"closed","template":"page-startseite.php","meta":{"_acf_changed":false,"footnotes":""},"class_list":["post-20060","page","type-page","status-publish","hentry"],"acf":[],"yoast_head":"<!-- This site is optimized with the Yoast SEO plugin v23.7 - https:\/\/yoast.com\/wordpress\/plugins\/seo\/ -->\n<title>archiv der ABAKUS Internet Marketing GmbH<\/title>\n<meta name=\"description\" content=\"Hier finden Sie interessante Blogbeitr\u00e4ge aus den vergangenen Jahren.\" \/>\n<meta name=\"robots\" content=\"index, follow, max-snippet:-1, max-image-preview:large, max-video-preview:-1\" \/>\n<link rel=\"canonical\" href=\"https:\/\/archiv.abakus-internet-marketing.de\/wissen\/seo-blog\/\" \/>\n<meta property=\"og:locale\" content=\"de_DE\" \/>\n<meta property=\"og:type\" content=\"article\" \/>\n<meta property=\"og:title\" content=\"archiv der ABAKUS Internet Marketing GmbH\" \/>\n<meta property=\"og:description\" content=\"Hier finden Sie interessante Blogbeitr\u00e4ge aus den vergangenen Jahren.\" \/>\n<meta property=\"og:url\" content=\"https:\/\/archiv.abakus-internet-marketing.de\/wissen\/seo-blog\/\" \/>\n<meta property=\"og:site_name\" content=\"ABAKUS Blogarchiv\" \/>\n<meta property=\"article:publisher\" content=\"https:\/\/de-de.facebook.com\/abakusinternetmarketing\/\" \/>\n<meta property=\"article:modified_time\" content=\"2021-06-10T08:28:01+00:00\" \/>\n<meta property=\"og:image\" content=\"https:\/\/archiv.abakus-internet-marketing.de\/wissen\/seo-blog\/wp-content\/uploads\/2018\/06\/seo-consulting-icon.png\" \/>\n<meta name=\"twitter:card\" content=\"summary_large_image\" \/>\n<meta name=\"twitter:site\" content=\"@AbakusIM\" \/>\n<meta name=\"twitter:label1\" content=\"Gesch\u00e4tzte Lesezeit\" \/>\n\t<meta name=\"twitter:data1\" content=\"4\u00a0Minuten\" \/>\n<script type=\"application\/ld+json\" class=\"yoast-schema-graph\">{\"@context\":\"https:\/\/schema.org\",\"@graph\":[{\"@type\":\"WebPage\",\"@id\":\"https:\/\/archiv.abakus-internet-marketing.de\/wissen\/seo-blog\/\",\"url\":\"https:\/\/archiv.abakus-internet-marketing.de\/wissen\/seo-blog\/\",\"name\":\"archiv der ABAKUS Internet Marketing GmbH\",\"isPartOf\":{\"@id\":\"https:\/\/archiv.abakus-internet-marketing.de\/wissen\/seo-blog\/#website\"},\"primaryImageOfPage\":{\"@id\":\"https:\/\/archiv.abakus-internet-marketing.de\/wissen\/seo-blog\/#primaryimage\"},\"image\":{\"@id\":\"https:\/\/archiv.abakus-internet-marketing.de\/wissen\/seo-blog\/#primaryimage\"},\"thumbnailUrl\":\"https:\/\/archiv.abakus-internet-marketing.de\/wissen\/seo-blog\/wp-content\/uploads\/2018\/06\/seo-consulting-icon.png\",\"datePublished\":\"2019-03-22T10:51:01+00:00\",\"dateModified\":\"2021-06-10T08:28:01+00:00\",\"description\":\"Hier finden Sie interessante Blogbeitr\u00e4ge aus den vergangenen Jahren.\",\"inLanguage\":\"de\",\"potentialAction\":[{\"@type\":\"ReadAction\",\"target\":[\"https:\/\/archiv.abakus-internet-marketing.de\/wissen\/seo-blog\/\"]}]},{\"@type\":\"ImageObject\",\"inLanguage\":\"de\",\"@id\":\"https:\/\/archiv.abakus-internet-marketing.de\/wissen\/seo-blog\/#primaryimage\",\"url\":\"https:\/\/archiv.abakus-internet-marketing.de\/wissen\/seo-blog\/wp-content\/uploads\/2018\/06\/seo-consulting-icon.png\",\"contentUrl\":\"https:\/\/archiv.abakus-internet-marketing.de\/wissen\/seo-blog\/wp-content\/uploads\/2018\/06\/seo-consulting-icon.png\",\"width\":40,\"height\":35},{\"@type\":\"WebSite\",\"@id\":\"https:\/\/archiv.abakus-internet-marketing.de\/wissen\/seo-blog\/#website\",\"url\":\"https:\/\/archiv.abakus-internet-marketing.de\/wissen\/seo-blog\/\",\"name\":\"ABAKUS Blogarchiv\",\"description\":\"\",\"potentialAction\":[{\"@type\":\"SearchAction\",\"target\":{\"@type\":\"EntryPoint\",\"urlTemplate\":\"https:\/\/archiv.abakus-internet-marketing.de\/wissen\/seo-blog\/?s={search_term_string}\"},\"query-input\":{\"@type\":\"PropertyValueSpecification\",\"valueRequired\":true,\"valueName\":\"search_term_string\"}}],\"inLanguage\":\"de\"}]}<\/script>\n<!-- \/ Yoast SEO plugin. -->","yoast_head_json":{"title":"archiv der ABAKUS Internet Marketing GmbH","description":"Hier finden Sie interessante Blogbeitr\u00e4ge aus den vergangenen Jahren.","robots":{"index":"index","follow":"follow","max-snippet":"max-snippet:-1","max-image-preview":"max-image-preview:large","max-video-preview":"max-video-preview:-1"},"canonical":"https:\/\/archiv.abakus-internet-marketing.de\/wissen\/seo-blog\/","og_locale":"de_DE","og_type":"article","og_title":"archiv der ABAKUS Internet Marketing GmbH","og_description":"Hier finden Sie interessante Blogbeitr\u00e4ge aus den vergangenen Jahren.","og_url":"https:\/\/archiv.abakus-internet-marketing.de\/wissen\/seo-blog\/","og_site_name":"ABAKUS Blogarchiv","article_publisher":"https:\/\/de-de.facebook.com\/abakusinternetmarketing\/","article_modified_time":"2021-06-10T08:28:01+00:00","og_image":[{"url":"https:\/\/archiv.abakus-internet-marketing.de\/wissen\/seo-blog\/wp-content\/uploads\/2018\/06\/seo-consulting-icon.png"}],"twitter_card":"summary_large_image","twitter_site":"@AbakusIM","twitter_misc":{"Gesch\u00e4tzte Lesezeit":"4\u00a0Minuten"},"schema":{"@context":"https:\/\/schema.org","@graph":[{"@type":"WebPage","@id":"https:\/\/archiv.abakus-internet-marketing.de\/wissen\/seo-blog\/","url":"https:\/\/archiv.abakus-internet-marketing.de\/wissen\/seo-blog\/","name":"archiv der ABAKUS Internet Marketing GmbH","isPartOf":{"@id":"https:\/\/archiv.abakus-internet-marketing.de\/wissen\/seo-blog\/#website"},"primaryImageOfPage":{"@id":"https:\/\/archiv.abakus-internet-marketing.de\/wissen\/seo-blog\/#primaryimage"},"image":{"@id":"https:\/\/archiv.abakus-internet-marketing.de\/wissen\/seo-blog\/#primaryimage"},"thumbnailUrl":"https:\/\/archiv.abakus-internet-marketing.de\/wissen\/seo-blog\/wp-content\/uploads\/2018\/06\/seo-consulting-icon.png","datePublished":"2019-03-22T10:51:01+00:00","dateModified":"2021-06-10T08:28:01+00:00","description":"Hier finden Sie interessante Blogbeitr\u00e4ge aus den vergangenen Jahren.","inLanguage":"de","potentialAction":[{"@type":"ReadAction","target":["https:\/\/archiv.abakus-internet-marketing.de\/wissen\/seo-blog\/"]}]},{"@type":"ImageObject","inLanguage":"de","@id":"https:\/\/archiv.abakus-internet-marketing.de\/wissen\/seo-blog\/#primaryimage","url":"https:\/\/archiv.abakus-internet-marketing.de\/wissen\/seo-blog\/wp-content\/uploads\/2018\/06\/seo-consulting-icon.png","contentUrl":"https:\/\/archiv.abakus-internet-marketing.de\/wissen\/seo-blog\/wp-content\/uploads\/2018\/06\/seo-consulting-icon.png","width":40,"height":35},{"@type":"WebSite","@id":"https:\/\/archiv.abakus-internet-marketing.de\/wissen\/seo-blog\/#website","url":"https:\/\/archiv.abakus-internet-marketing.de\/wissen\/seo-blog\/","name":"ABAKUS Blogarchiv","description":"","potentialAction":[{"@type":"SearchAction","target":{"@type":"EntryPoint","urlTemplate":"https:\/\/archiv.abakus-internet-marketing.de\/wissen\/seo-blog\/?s={search_term_string}"},"query-input":{"@type":"PropertyValueSpecification","valueRequired":true,"valueName":"search_term_string"}}],"inLanguage":"de"}]}},"_links":{"self":[{"href":"https:\/\/archiv.abakus-internet-marketing.de\/wissen\/seo-blog\/wp-json\/wp\/v2\/pages\/20060"}],"collection":[{"href":"https:\/\/archiv.abakus-internet-marketing.de\/wissen\/seo-blog\/wp-json\/wp\/v2\/pages"}],"about":[{"href":"https:\/\/archiv.abakus-internet-marketing.de\/wissen\/seo-blog\/wp-json\/wp\/v2\/types\/page"}],"author":[{"embeddable":true,"href":"https:\/\/archiv.abakus-internet-marketing.de\/wissen\/seo-blog\/wp-json\/wp\/v2\/users\/41"}],"replies":[{"embeddable":true,"href":"https:\/\/archiv.abakus-internet-marketing.de\/wissen\/seo-blog\/wp-json\/wp\/v2\/comments?post=20060"}],"version-history":[{"count":6,"href":"https:\/\/archiv.abakus-internet-marketing.de\/wissen\/seo-blog\/wp-json\/wp\/v2\/pages\/20060\/revisions"}],"predecessor-version":[{"id":30946,"href":"https:\/\/archiv.abakus-internet-marketing.de\/wissen\/seo-blog\/wp-json\/wp\/v2\/pages\/20060\/revisions\/30946"}],"wp:attachment":[{"href":"https:\/\/archiv.abakus-internet-marketing.de\/wissen\/seo-blog\/wp-json\/wp\/v2\/media?parent=20060"}],"curies":[{"name":"wp","href":"https:\/\/api.w.org\/{rel}","templated":true}]}}